{"id":1879,"date":"2023-01-15T14:34:48","date_gmt":"2023-01-15T13:34:48","guid":{"rendered":"https:\/\/jatekdoboz.xyz\/pressword\/?page_id=1879"},"modified":"2024-04-10T00:47:27","modified_gmt":"2024-04-09T22:47:27","slug":"programok2","status":"publish","type":"page","link":"http:\/\/erzsebetvilla.hu\/en\/programok2\/","title":{"rendered":"Programmes"},"content":{"rendered":"<div data-elementor-type=\"wp-page\" data-elementor-id=\"1879\" class=\"elementor elementor-1879\">\n\t\t\t\t\t\t\t\t\t<section class=\"elementor-section elementor-top-section elementor-element elementor-element-7bede17 elementor-hidden-mobile elementor-hidden-tablet elementor-section-full_width elementor-section-height-default elementor-section-height-default wpr-particle-no wpr-jarallax-no wpr-parallax-no wpr-sticky-section-no\" data-id=\"7bede17\" data-element_type=\"section\" data-settings=\"{&quot;background_background&quot;:&quot;classic&quot;,&quot;_ha_eqh_enable&quot;:false}\">\n\t\t\t\t\t\t<div class=\"elementor-container elementor-column-gap-default\">\n\t\t\t\t\t<div class=\"elementor-column elementor-col-100 elementor-top-column elementor-element elementor-element-abb4bee\" data-id=\"abb4bee\" data-element_type=\"column\">\n\t\t\t<div class=\"elementor-widget-wrap elementor-element-populated\">\n\t\t\t\t\t\t\t\t<section class=\"elementor-section elementor-inner-section elementor-element elementor-element-92fd223 elementor-section-full_width elementor-section-height-default elementor-section-height-default wpr-particle-no wpr-jarallax-no wpr-parallax-no wpr-sticky-section-no\" data-id=\"92fd223\" data-element_type=\"section\" data-settings=\"{&quot;_ha_eqh_enable&quot;:false}\">\n\t\t\t\t\t\t<div class=\"elementor-container elementor-column-gap-default\">\n\t\t\t\t\t<div class=\"elementor-column elementor-col-50 elementor-inner-column elementor-element elementor-element-811341e\" data-id=\"811341e\" data-element_type=\"column\">\n\t\t\t<div class=\"elementor-widget-wrap elementor-element-populated\">\n\t\t\t\t\t\t\t\t<div class=\"elementor-element elementor-element-2a9c627 wpr-logo-position-center elementor-widget elementor-widget-wpr-logo\" data-id=\"2a9c627\" data-element_type=\"widget\" data-widget_type=\"wpr-logo.default\">\n\t\t\t\t<div class=\"elementor-widget-container\">\n\t\t\t\t\n\t<div class=\"wpr-logo elementor-clearfix\">\n\n\t\t\t\t<picture class=\"wpr-logo-image\">\n\t\t\t\n\t\t\t\t\t\t\n\t\t\t<img decoding=\"async\" src=\"https:\/\/i0.wp.com\/erzsebetvilla.hu\/wp-content\/uploads\/2023\/01\/logo4.png?w=780&#038;ssl=1\" alt=\"\" data-recalc-dims=\"1\">\n\n\t\t\t\t\t\t\t<a class=\"wpr-logo-url\" rel=\"home\" href=\"http:\/\/erzsebetvilla.hu\/en\/\"><\/a>\n\t\t\t\t\t<\/picture>\n\t\t\n\t\t\n\t\t\t\t\t<a class=\"wpr-logo-url\" rel=\"home\" href=\"http:\/\/erzsebetvilla.hu\/en\/\"><\/a>\n\t\t\n\t<\/div>\n\t\t\n\t\t<\/div>\n\t\t\t\t<\/div>\n\t\t\t\t\t<\/div>\n\t\t<\/div>\n\t\t\t\t<div class=\"elementor-column elementor-col-50 elementor-inner-column elementor-element elementor-element-ac594e0\" data-id=\"ac594e0\" data-element_type=\"column\">\n\t\t\t<div class=\"elementor-widget-wrap elementor-element-populated\">\n\t\t\t\t\t\t\t\t<section class=\"elementor-section elementor-inner-section elementor-element elementor-element-73423be elementor-section-full_width elementor-section-height-default elementor-section-height-default wpr-particle-no wpr-jarallax-no wpr-parallax-no wpr-sticky-section-no\" data-id=\"73423be\" data-element_type=\"section\" data-settings=\"{&quot;_ha_eqh_enable&quot;:false}\">\n\t\t\t\t\t\t<div class=\"elementor-container elementor-column-gap-default\">\n\t\t\t\t\t<div class=\"elementor-column elementor-col-50 elementor-inner-column elementor-element elementor-element-a7ca2cf\" data-id=\"a7ca2cf\" data-element_type=\"column\">\n\t\t\t<div class=\"elementor-widget-wrap elementor-element-populated\">\n\t\t\t\t\t\t\t\t<div class=\"elementor-element elementor-element-61e1876 wpr-main-menu-align-right wpr-main-menu-align--tabletright elementor-widget__width-inherit wpr-sub-icon-chevron-down wpr-mobile-toggle-v3 wpr-main-menu-align--mobileleft wpr-pointer-underline wpr-pointer-line-fx wpr-pointer-fx-fade wpr-sub-menu-fx-fade wpr-nav-menu-bp-mobile wpr-mobile-menu-full-width wpr-mobile-menu-item-align-center wpr-mobile-divider-yes elementor-widget elementor-widget-wpr-nav-menu\" data-id=\"61e1876\" data-element_type=\"widget\" data-settings=\"{&quot;menu_layout&quot;:&quot;horizontal&quot;}\" data-widget_type=\"wpr-nav-menu.default\">\n\t\t\t\t<div class=\"elementor-widget-container\">\n\t\t\t<nav class=\"wpr-nav-menu-container wpr-nav-menu-horizontal\" data-trigger=\"hover\"><ul id=\"menu-1-61e1876\" class=\"wpr-nav-menu\"><li class=\"menu-item menu-item-type-post_type menu-item-object-page menu-item-2230\"><a href=\"http:\/\/erzsebetvilla.hu\/en\/helikon\/\" class=\"wpr-menu-item wpr-pointer-item\">Helikon Park<\/a><\/li>\n<\/ul><\/nav><nav class=\"wpr-mobile-nav-menu-container\"><div class=\"wpr-mobile-toggle-wrap\"><div class=\"wpr-mobile-toggle\"><span class=\"wpr-mobile-toggle-line\"><\/span><span class=\"wpr-mobile-toggle-line\"><\/span><span class=\"wpr-mobile-toggle-line\"><\/span><\/div><\/div><ul id=\"mobile-menu-2-61e1876\" class=\"wpr-mobile-nav-menu\"><li class=\"menu-item menu-item-type-post_type menu-item-object-page menu-item-2230\"><a href=\"http:\/\/erzsebetvilla.hu\/en\/helikon\/\" class=\"wpr-mobile-menu-item\">Helikon Park<\/a><\/li>\n<\/ul><\/nav>\t\t<\/div>\n\t\t\t\t<\/div>\n\t\t\t\t\t<\/div>\n\t\t<\/div>\n\t\t\t\t<div class=\"elementor-column elementor-col-50 elementor-inner-column elementor-element elementor-element-6ab1515\" data-id=\"6ab1515\" data-element_type=\"column\">\n\t\t\t<div class=\"elementor-widget-wrap elementor-element-populated\">\n\t\t\t\t\t\t\t\t<div class=\"elementor-element elementor-element-6616471 wpr-button-icon-style-inline wpr-button-icon-position-right elementor-widget elementor-widget-wpr-button\" data-id=\"6616471\" data-element_type=\"widget\" data-widget_type=\"wpr-button.default\">\n\t\t\t\t<div class=\"elementor-widget-container\">\n\t\t\t\t\n\t\t\t\n\t\t\n\t\t<div class=\"wpr-button-wrap elementor-clearfix\">\n\t\t<a class=\"wpr-button wpr-button-effect wpr-button-none\" data-text=\"Go\" href=\"tel:+36304863387\">\n\t\t\t\n\t\t\t<span class=\"wpr-button-content\">\n\t\t\t\t\t\t\t\t\t<span class=\"wpr-button-text\">Reservation<\/span>\n\t\t\t\t\t\t\t\t\n\t\t\t\t\t\t\t<\/span>\n\t\t<\/a>\n\n\t\t\t\t<\/div>\n\t\n\t\n\t\t\t<\/div>\n\t\t\t\t<\/div>\n\t\t\t\t\t<\/div>\n\t\t<\/div>\n\t\t\t\t\t\t\t<\/div>\n\t\t<\/section>\n\t\t\t\t\t<\/div>\n\t\t<\/div>\n\t\t\t\t\t\t\t<\/div>\n\t\t<\/section>\n\t\t\t\t\t<\/div>\n\t\t<\/div>\n\t\t\t\t\t\t\t<\/div>\n\t\t<\/section>\n\t\t\t\t<section class=\"elementor-section elementor-top-section elementor-element elementor-element-aeb279b elementor-hidden-desktop elementor-hidden-mobile elementor-section-boxed elementor-section-height-default elementor-section-height-default wpr-particle-no wpr-jarallax-no wpr-parallax-no\" data-id=\"aeb279b\" data-element_type=\"section\" data-settings=\"{&quot;background_background&quot;:&quot;classic&quot;,&quot;_ha_eqh_enable&quot;:false}\">\n\t\t\t\t\t\t<div class=\"elementor-container elementor-column-gap-default\">\n\t\t\t\t\t<div class=\"elementor-column elementor-col-33 elementor-top-column elementor-element elementor-element-a9fea42\" data-id=\"a9fea42\" data-element_type=\"column\">\n\t\t\t<div class=\"elementor-widget-wrap elementor-element-populated\">\n\t\t\t\t\t\t\t\t<div class=\"elementor-element elementor-element-e7188d6 wpr-main-menu-align--tabletright elementor-widget__width-auto wpr-sub-icon-chevron-down wpr-mobile-toggle-v2 wpr-nav-menu-bp-tablet wpr-main-menu-align--mobilecenter wpr-main-menu-align-left wpr-pointer-underline wpr-pointer-line-fx wpr-pointer-fx-fade wpr-sub-menu-fx-fade wpr-mobile-menu-full-width wpr-mobile-menu-item-align-center wpr-mobile-divider-yes elementor-widget elementor-widget-wpr-nav-menu\" data-id=\"e7188d6\" data-element_type=\"widget\" data-settings=\"{&quot;menu_layout&quot;:&quot;horizontal&quot;}\" data-widget_type=\"wpr-nav-menu.default\">\n\t\t\t\t<div class=\"elementor-widget-container\">\n\t\t\t<nav class=\"wpr-nav-menu-container wpr-nav-menu-horizontal\" data-trigger=\"hover\"><ul id=\"menu-1-e7188d6\" class=\"wpr-nav-menu\"><li class=\"menu-item menu-item-type-post_type menu-item-object-page menu-item-2230\"><a href=\"http:\/\/erzsebetvilla.hu\/en\/helikon\/\" class=\"wpr-menu-item wpr-pointer-item\">Helikon Park<\/a><\/li>\n<\/ul><\/nav><nav class=\"wpr-mobile-nav-menu-container\"><div class=\"wpr-mobile-toggle-wrap\"><div class=\"wpr-mobile-toggle\"><span class=\"wpr-mobile-toggle-line\"><\/span><span class=\"wpr-mobile-toggle-line\"><\/span><span class=\"wpr-mobile-toggle-line\"><\/span><\/div><\/div><ul id=\"mobile-menu-2-e7188d6\" class=\"wpr-mobile-nav-menu\"><li class=\"menu-item menu-item-type-post_type menu-item-object-page menu-item-2230\"><a href=\"http:\/\/erzsebetvilla.hu\/en\/helikon\/\" class=\"wpr-mobile-menu-item\">Helikon Park<\/a><\/li>\n<\/ul><\/nav>\t\t<\/div>\n\t\t\t\t<\/div>\n\t\t\t\t\t<\/div>\n\t\t<\/div>\n\t\t\t\t<div class=\"elementor-column elementor-col-33 elementor-top-column elementor-element elementor-element-e8bff13\" data-id=\"e8bff13\" data-element_type=\"column\">\n\t\t\t<div class=\"elementor-widget-wrap elementor-element-populated\">\n\t\t\t\t\t\t\t\t<div class=\"elementor-element elementor-element-4bc467a wpr-logo-position-center elementor-widget elementor-widget-wpr-logo\" data-id=\"4bc467a\" data-element_type=\"widget\" data-widget_type=\"wpr-logo.default\">\n\t\t\t\t<div class=\"elementor-widget-container\">\n\t\t\t\t\n\t<div class=\"wpr-logo elementor-clearfix\">\n\n\t\t\t\t<picture class=\"wpr-logo-image\">\n\t\t\t\n\t\t\t\t\t\t\n\t\t\t<img decoding=\"async\" src=\"https:\/\/i0.wp.com\/erzsebetvilla.hu\/wp-content\/uploads\/2023\/01\/logo5.png?w=780&#038;ssl=1\" alt=\"\" data-recalc-dims=\"1\">\n\n\t\t\t\t\t\t\t<a class=\"wpr-logo-url\" rel=\"home\" href=\"http:\/\/erzsebetvilla.hu\/en\/\"><\/a>\n\t\t\t\t\t<\/picture>\n\t\t\n\t\t\n\t\t\t\t\t<a class=\"wpr-logo-url\" rel=\"home\" href=\"http:\/\/erzsebetvilla.hu\/en\/\"><\/a>\n\t\t\n\t<\/div>\n\t\t\n\t\t<\/div>\n\t\t\t\t<\/div>\n\t\t\t\t\t<\/div>\n\t\t<\/div>\n\t\t\t\t<div class=\"elementor-column elementor-col-33 elementor-top-column elementor-element elementor-element-d0d6508\" data-id=\"d0d6508\" data-element_type=\"column\">\n\t\t\t<div class=\"elementor-widget-wrap elementor-element-populated\">\n\t\t\t\t\t\t\t\t<div class=\"elementor-element elementor-element-44bfb0e wpr-button-icon-style-inline wpr-button-icon-position-right elementor-widget elementor-widget-wpr-button\" data-id=\"44bfb0e\" data-element_type=\"widget\" data-widget_type=\"wpr-button.default\">\n\t\t\t\t<div class=\"elementor-widget-container\">\n\t\t\t\t\n\t\t\t\n\t\t\n\t\t<div class=\"wpr-button-wrap elementor-clearfix\">\n\t\t<a class=\"wpr-button wpr-button-effect wpr-button-none\" data-text=\"Go\" href=\"https:\/\/erzsebetvilla.hu\/en\/foglalas\/\">\n\t\t\t\n\t\t\t<span class=\"wpr-button-content\">\n\t\t\t\t\t\t\t\t\t<span class=\"wpr-button-text\">Reservation<\/span>\n\t\t\t\t\t\t\t\t\n\t\t\t\t\t\t\t<\/span>\n\t\t<\/a>\n\n\t\t\t\t<\/div>\n\t\n\t\n\t\t\t<\/div>\n\t\t\t\t<\/div>\n\t\t\t\t\t<\/div>\n\t\t<\/div>\n\t\t\t\t\t\t\t<\/div>\n\t\t<\/section>\n\t\t\t\t<section class=\"elementor-section elementor-top-section elementor-element elementor-element-dc70491 elementor-hidden-desktop elementor-hidden-tablet elementor-section-boxed elementor-section-height-default elementor-section-height-default wpr-particle-no wpr-jarallax-no wpr-parallax-no\" data-id=\"dc70491\" data-element_type=\"section\" data-settings=\"{&quot;background_background&quot;:&quot;classic&quot;,&quot;_ha_eqh_enable&quot;:false}\">\n\t\t\t\t\t\t<div class=\"elementor-container elementor-column-gap-default\">\n\t\t\t\t\t<div class=\"elementor-column elementor-col-33 elementor-top-column elementor-element elementor-element-9c9d09c\" data-id=\"9c9d09c\" data-element_type=\"column\">\n\t\t\t<div class=\"elementor-widget-wrap elementor-element-populated\">\n\t\t\t\t\t\t\t\t<div class=\"elementor-element elementor-element-6e06090 wpr-main-menu-align--tabletright wpr-sub-icon-chevron-down wpr-mobile-toggle-v3 wpr-main-menu-align--mobilecenter wpr-main-menu-align-left wpr-pointer-underline wpr-pointer-line-fx wpr-pointer-fx-fade wpr-sub-menu-fx-fade wpr-nav-menu-bp-mobile wpr-mobile-menu-full-width wpr-mobile-menu-item-align-center wpr-mobile-divider-yes elementor-widget elementor-widget-wpr-nav-menu\" data-id=\"6e06090\" data-element_type=\"widget\" data-settings=\"{&quot;menu_layout&quot;:&quot;horizontal&quot;}\" data-widget_type=\"wpr-nav-menu.default\">\n\t\t\t\t<div class=\"elementor-widget-container\">\n\t\t\t<nav class=\"wpr-nav-menu-container wpr-nav-menu-horizontal\" data-trigger=\"hover\"><ul id=\"menu-1-6e06090\" class=\"wpr-nav-menu\"><li class=\"menu-item menu-item-type-post_type menu-item-object-page menu-item-2230\"><a href=\"http:\/\/erzsebetvilla.hu\/en\/helikon\/\" class=\"wpr-menu-item wpr-pointer-item\">Helikon Park<\/a><\/li>\n<\/ul><\/nav><nav class=\"wpr-mobile-nav-menu-container\"><div class=\"wpr-mobile-toggle-wrap\"><div class=\"wpr-mobile-toggle\"><span class=\"wpr-mobile-toggle-line\"><\/span><span class=\"wpr-mobile-toggle-line\"><\/span><span class=\"wpr-mobile-toggle-line\"><\/span><\/div><\/div><ul id=\"mobile-menu-2-6e06090\" class=\"wpr-mobile-nav-menu\"><li class=\"menu-item menu-item-type-post_type menu-item-object-page menu-item-2230\"><a href=\"http:\/\/erzsebetvilla.hu\/en\/helikon\/\" class=\"wpr-mobile-menu-item\">Helikon Park<\/a><\/li>\n<\/ul><\/nav>\t\t<\/div>\n\t\t\t\t<\/div>\n\t\t\t\t\t<\/div>\n\t\t<\/div>\n\t\t\t\t<div class=\"elementor-column elementor-col-33 elementor-top-column elementor-element elementor-element-b1f6992\" data-id=\"b1f6992\" data-element_type=\"column\">\n\t\t\t<div class=\"elementor-widget-wrap elementor-element-populated\">\n\t\t\t\t\t\t\t\t<div class=\"elementor-element elementor-element-c3b7421 wpr-logo-position-center elementor-widget elementor-widget-wpr-logo\" data-id=\"c3b7421\" data-element_type=\"widget\" data-widget_type=\"wpr-logo.default\">\n\t\t\t\t<div class=\"elementor-widget-container\">\n\t\t\t\t\n\t<div class=\"wpr-logo elementor-clearfix\">\n\n\t\t\t\t<picture class=\"wpr-logo-image\">\n\t\t\t\n\t\t\t\t\t\t\n\t\t\t<img decoding=\"async\" src=\"https:\/\/i0.wp.com\/erzsebetvilla.hu\/wp-content\/uploads\/2023\/01\/logo5.png?w=780&#038;ssl=1\" alt=\"\" data-recalc-dims=\"1\">\n\n\t\t\t\t\t\t\t<a class=\"wpr-logo-url\" rel=\"home\" href=\"http:\/\/erzsebetvilla.hu\/en\/\"><\/a>\n\t\t\t\t\t<\/picture>\n\t\t\n\t\t\n\t\t\t\t\t<a class=\"wpr-logo-url\" rel=\"home\" href=\"http:\/\/erzsebetvilla.hu\/en\/\"><\/a>\n\t\t\n\t<\/div>\n\t\t\n\t\t<\/div>\n\t\t\t\t<\/div>\n\t\t\t\t\t<\/div>\n\t\t<\/div>\n\t\t\t\t<div class=\"elementor-column elementor-col-33 elementor-top-column elementor-element elementor-element-046266c\" data-id=\"046266c\" data-element_type=\"column\">\n\t\t\t<div class=\"elementor-widget-wrap elementor-element-populated\">\n\t\t\t\t\t\t\t\t<div class=\"elementor-element elementor-element-5aed65d wpr-button-icon-style-inline wpr-button-icon-position-right elementor-widget elementor-widget-wpr-button\" data-id=\"5aed65d\" data-element_type=\"widget\" data-widget_type=\"wpr-button.default\">\n\t\t\t\t<div class=\"elementor-widget-container\">\n\t\t\t\t\n\t\t\t\n\t\t\n\t\t<div class=\"wpr-button-wrap elementor-clearfix\">\n\t\t<a class=\"wpr-button wpr-button-effect wpr-button-none\" data-text=\"Go\" href=\"https:\/\/erzsebetvilla.hu\/en\/foglalas\/\">\n\t\t\t\n\t\t\t<span class=\"wpr-button-content\">\n\t\t\t\t\t\t\t\t\t<span class=\"wpr-button-text\">Reservation<\/span>\n\t\t\t\t\t\t\t\t\n\t\t\t\t\t\t\t<\/span>\n\t\t<\/a>\n\n\t\t\t\t<\/div>\n\t\n\t\n\t\t\t<\/div>\n\t\t\t\t<\/div>\n\t\t\t\t\t<\/div>\n\t\t<\/div>\n\t\t\t\t\t\t\t<\/div>\n\t\t<\/section>\n\t\t\t\t<section class=\"elementor-section elementor-top-section elementor-element elementor-element-ca90b9c elementor-section-boxed elementor-section-height-default elementor-section-height-default wpr-particle-no wpr-jarallax-no wpr-parallax-no wpr-sticky-section-no\" data-id=\"ca90b9c\" data-element_type=\"section\" data-settings=\"{&quot;_ha_eqh_enable&quot;:false}\">\n\t\t\t\t\t\t<div class=\"elementor-container elementor-column-gap-default\">\n\t\t\t\t\t<div class=\"elementor-column elementor-col-100 elementor-top-column elementor-element elementor-element-34dbbc9\" data-id=\"34dbbc9\" data-element_type=\"column\">\n\t\t\t<div class=\"elementor-widget-wrap elementor-element-populated\">\n\t\t\t\t\t\t\t\t<div class=\"elementor-element elementor-element-b8019e8 elementor-widget elementor-widget-html\" data-id=\"b8019e8\" data-element_type=\"widget\" data-widget_type=\"html.default\">\n\t\t\t\t<div class=\"elementor-widget-container\">\n\t\t\t<iframe src=\"https:\/\/keszthely.hu\/programok\/\" style=\"height:99vh ; margin-top:-17vh;z-index:1;\"><\/iframe>\n<script>\n$(function(){\n  $(\"iframe\").css({\"height\":height,\"width\":width,\"margin\":\"-20vw\",\"border\":\"none\"});\n});\n<\/script>\t\t<\/div>\n\t\t\t\t<\/div>\n\t\t\t\t\t<\/div>\n\t\t<\/div>\n\t\t\t\t\t\t\t<\/div>\n\t\t<\/section>\n\t\t\t\t\t\t\t<\/div>","protected":false},"excerpt":{"rendered":"<p>Helikon park Info Foglal\u00e1si informci\u00f3k H\u00e1zirend Lemond\u00e1si felt\u00e9telek \u00c1szf Adatkezel\u00e9si t\u00e1j\u00e9koztat\u00f3 Helikon park Info Foglal\u00e1si informci\u00f3k H\u00e1zirend Lemond\u00e1si felt\u00e9telek \u00c1szf Adatkezel\u00e9si t\u00e1j\u00e9koztat\u00f3 Foglal\u00e1s Helikon park Info Foglal\u00e1si informci\u00f3k H\u00e1zirend Lemond\u00e1si felt\u00e9telek \u00c1szf Adatkezel\u00e9si t\u00e1j\u00e9koztat\u00f3 Helikon park Info Foglal\u00e1si informci\u00f3k H\u00e1zirend Lemond\u00e1si felt\u00e9telek \u00c1szf Adatkezel\u00e9si t\u00e1j\u00e9koztat\u00f3 Foglal\u00e1s Helikon park Info Foglal\u00e1si informci\u00f3k H\u00e1zirend Lemond\u00e1si felt\u00e9telek \u00c1szf [&hellip;]<\/p>","protected":false},"author":1,"featured_media":0,"parent":0,"menu_order":0,"comment_status":"closed","ping_status":"closed","template":"elementor_canvas","meta":{"footnotes":""},"class_list":["post-1879","page","type-page","status-publish","hentry"],"_links":{"self":[{"href":"http:\/\/erzsebetvilla.hu\/en\/wp-json\/wp\/v2\/pages\/1879","targetHints":{"allow":["GET"]}}],"collection":[{"href":"http:\/\/erzsebetvilla.hu\/en\/wp-json\/wp\/v2\/pages"}],"about":[{"href":"http:\/\/erzsebetvilla.hu\/en\/wp-json\/wp\/v2\/types\/page"}],"author":[{"embeddable":true,"href":"http:\/\/erzsebetvilla.hu\/en\/wp-json\/wp\/v2\/users\/1"}],"replies":[{"embeddable":true,"href":"http:\/\/erzsebetvilla.hu\/en\/wp-json\/wp\/v2\/comments?post=1879"}],"version-history":[{"count":95,"href":"http:\/\/erzsebetvilla.hu\/en\/wp-json\/wp\/v2\/pages\/1879\/revisions"}],"predecessor-version":[{"id":5160,"href":"http:\/\/erzsebetvilla.hu\/en\/wp-json\/wp\/v2\/pages\/1879\/revisions\/5160"}],"wp:attachment":[{"href":"http:\/\/erzsebetvilla.hu\/en\/wp-json\/wp\/v2\/media?parent=1879"}],"curies":[{"name":"wp","href":"https:\/\/api.w.org\/{rel}","templated":true}]}}